{"id":1643,"date":"2021-12-21T09:46:38","date_gmt":"2021-12-21T09:46:38","guid":{"rendered":"https:\/\/startersites.io\/elementor\/homi\/?page_id=7"},"modified":"2026-02-23T18:06:07","modified_gmt":"2026-02-23T18:06:07","slug":"about","status":"publish","type":"page","link":"https:\/\/rimisssohana.com\/?page_id=1643","title":{"rendered":"About"},"content":{"rendered":"\t\t<div data-elementor-type=\"wp-page\" data-elementor-id=\"1643\" class=\"elementor elementor-1643\">\n\t\t\t\t<div class=\"elementor-element elementor-element-b0fb68b e-flex e-con-boxed e-con e-parent\" data-id=\"b0fb68b\" data-element_type=\"container\" data-e-type=\"container\">\n\t\t\t\t\t<div class=\"e-con-inner\">\n\t\t\t\t<div class=\"elementor-element elementor-element-bd0229d elementor-widget elementor-widget-heading\" data-id=\"bd0229d\" data-element_type=\"widget\" data-e-type=\"widget\" data-widget_type=\"heading.default\">\n\t\t\t\t\t<h2 class=\"elementor-heading-title elementor-size-default\">Notre marque<\/h2>\t\t\t\t<\/div>\n\t\t<div class=\"elementor-element elementor-element-7590a9f e-grid e-con-full e-con e-child\" data-id=\"7590a9f\" data-element_type=\"container\" data-e-type=\"container\">\n\t\t\t\t<div class=\"elementor-element elementor-element-bbc2b69 elementor-widget elementor-widget-text-editor\" data-id=\"bbc2b69\" data-element_type=\"widget\" data-e-type=\"widget\" data-widget_type=\"text-editor.default\">\n\t\t\t\t\t\t\t\t\t<p data-start=\"1031\" data-end=\"1287\">Le parfum est un langage invisible. Il \u00e9voque des souvenirs, r\u00e9v\u00e8le une personnalit\u00e9 et cr\u00e9e des \u00e9motions profondes.<br data-start=\"1147\" data-end=\"1150\" \/>Notre marque est n\u00e9e de cette conviction : offrir des cr\u00e9ations olfactives capables de marquer les esprits et de sublimer chaque instant.<\/p><p data-start=\"1289\" data-end=\"1531\">Nos parfums et notre encens sont \u00e9labor\u00e9s avec une exigence absolue, \u00e0 partir d\u2019ingr\u00e9dients s\u00e9lectionn\u00e9s pour leur qualit\u00e9 et leur richesse olfactive.<br data-start=\"1439\" data-end=\"1442\" \/>Chaque senteur est le fruit d\u2019un \u00e9quilibre subtil entre tradition, modernit\u00e9 et \u00e9l\u00e9gance.<\/p><p data-start=\"1533\" data-end=\"1631\">Porter l\u2019un de nos parfums ou br\u00fbler notre encens, c\u2019est choisir une signature unique et luxueuse.<\/p>\t\t\t\t\t\t\t\t<\/div>\n\t\t\t\t<div class=\"elementor-element elementor-element-2d3fa63 elementor-widget elementor-widget-text-editor\" data-id=\"2d3fa63\" data-element_type=\"widget\" data-e-type=\"widget\" data-widget_type=\"text-editor.default\">\n\t\t\t\t\t\t\t\t\t<p data-start=\"364\" data-end=\"616\">Nous cr\u00e9ons bien plus que des parfums et de l\u2019encens : nous fa\u00e7onnons des exp\u00e9riences sensorielles uniques.<br data-start=\"471\" data-end=\"474\" \/>Chaque cr\u00e9ation est pens\u00e9e comme une \u0153uvre d\u2019art, o\u00f9 les mati\u00e8res premi\u00e8res les plus nobles rencontrent le savoir-faire et l\u2019exigence du luxe.<\/p><p data-start=\"618\" data-end=\"823\">Nos parfums racontent des histoires, \u00e9voquent des \u00e9motions et laissent une empreinte inoubliable.<br data-start=\"715\" data-end=\"718\" \/>Quant \u00e0 notre encens, il transforme chaque espace en un lieu de s\u00e9r\u00e9nit\u00e9, de raffinement et de caract\u00e8re.<\/p><p data-start=\"825\" data-end=\"958\">Nous croyons que le luxe r\u00e9side dans le d\u00e9tail, l\u2019authenticit\u00e9 et l\u2019\u00e9motion.<br data-start=\"901\" data-end=\"904\" \/>C\u2019est cette vision qui guide chacune de nos cr\u00e9ations.<\/p>\t\t\t\t\t\t\t\t<\/div>\n\t\t\t\t<\/div>\n\t\t\t\t\t<\/div>\n\t\t\t\t<\/div>\n\t\t<div class=\"elementor-element elementor-element-09ba5f2 e-flex e-con-boxed e-con e-parent\" data-id=\"09ba5f2\" data-element_type=\"container\" data-e-type=\"container\">\n\t\t\t\t\t<div class=\"e-con-inner\">\n\t\t<div class=\"elementor-element elementor-element-656625c e-con-full e-flex e-con e-child\" data-id=\"656625c\" data-element_type=\"container\" data-e-type=\"container\">\n\t\t\t\t<div class=\"elementor-element elementor-element-7621c2a elementor-widget elementor-widget-heading\" data-id=\"7621c2a\" data-element_type=\"widget\" data-e-type=\"widget\" data-widget_type=\"heading.default\">\n\t\t\t\t\t<h3 class=\"elementor-heading-title elementor-size-default\">Nos valeurs<\/h3>\t\t\t\t<\/div>\n\t\t\t\t<div class=\"elementor-element elementor-element-f96e0ee elementor-widget elementor-widget-text-editor\" data-id=\"f96e0ee\" data-element_type=\"widget\" data-e-type=\"widget\" data-widget_type=\"text-editor.default\">\n\t\t\t\t\t\t\t\t\t<p data-start=\"289\" data-end=\"506\">Chaque parfum et chaque encens que nous cr\u00e9ons est le fruit d\u2019une exigence absolue. Nous visons l\u2019excellence \u00e0 chaque \u00e9tape, de la s\u00e9lection des mati\u00e8res premi\u00e8res jusqu\u2019au moindre d\u00e9tail de finition.<\/p><p data-start=\"289\" data-end=\"506\">Nous croyons en des cr\u00e9ations sinc\u00e8res, porteuses de sens et d\u2019\u00e9motion. Nos fragrances refl\u00e8tent une identit\u00e9 forte et unique, loin des standards \u00e9ph\u00e9m\u00e8res.<\/p><p data-start=\"289\" data-end=\"506\">Le parfum est une exp\u00e9rience sensorielle profonde. Nos cr\u00e9ations sont pens\u00e9es pour \u00e9veiller les \u00e9motions, marquer les souvenirs et r\u00e9v\u00e9ler la personnalit\u00e9 de chacun.<\/p><p data-start=\"866\" data-end=\"1014\"><br data-start=\"881\" data-end=\"884\" \/>Le luxe r\u00e9side dans la subtilit\u00e9. Nos compositions olfactives et notre encens incarnent l\u2019\u00e9l\u00e9gance, l\u2019\u00e9quilibre et le raffinement.<\/p>\t\t\t\t\t\t\t\t<\/div>\n\t\t\t\t<div class=\"elementor-element elementor-element-539fe3c elementor-mobile-align-center elementor-tablet-align-center elementor-widget elementor-widget-button\" data-id=\"539fe3c\" data-element_type=\"widget\" data-e-type=\"widget\" data-widget_type=\"button.default\">\n\t\t\t\t\t\t\t\t\t\t<a class=\"elementor-button elementor-button-link elementor-size-lg\" href=\"https:\/\/rimisssohana.com\/?page_id=1644\">\n\t\t\t\t\t\t<span class=\"elementor-button-content-wrapper\">\n\t\t\t\t\t\t\t\t\t<span class=\"elementor-button-text\">contactez nous<\/span>\n\t\t\t\t\t<\/span>\n\t\t\t\t\t<\/a>\n\t\t\t\t\t\t\t\t<\/div>\n\t\t\t\t<\/div>\n\t\t\t\t\t<\/div>\n\t\t\t\t<\/div>\n\t\t<div class=\"elementor-element elementor-element-e2a9d70 e-flex e-con-boxed e-con e-parent\" data-id=\"e2a9d70\" data-element_type=\"container\" data-e-type=\"container\">\n\t\t\t\t\t<div class=\"e-con-inner\">\n\t\t\t\t<div class=\"elementor-element elementor-element-3dc50dc elementor-widget elementor-widget-heading\" data-id=\"3dc50dc\" data-element_type=\"widget\" data-e-type=\"widget\" data-widget_type=\"heading.default\">\n\t\t\t\t\t<h2 class=\"elementor-heading-title elementor-size-default\">T\u00e9moignages<\/h2>\t\t\t\t<\/div>\n\t\t\t\t<div class=\"elementor-element elementor-element-dbe47f1 elementor-widget elementor-widget-text-editor\" data-id=\"dbe47f1\" data-element_type=\"widget\" data-e-type=\"widget\" data-widget_type=\"text-editor.default\">\n\t\t\t\t\t\t\t\t\t<p>Quelque avis de nos client<\/p>\t\t\t\t\t\t\t\t<\/div>\n\t\t<div class=\"elementor-element elementor-element-5a3b8e8 e-grid e-con-full e-con e-child\" data-id=\"5a3b8e8\" data-element_type=\"container\" data-e-type=\"container\">\n\t\t<div class=\"elementor-element elementor-element-c3d2f77 e-con-full e-flex e-con e-child\" data-id=\"c3d2f77\" data-element_type=\"container\" data-e-type=\"container\" data-settings=\"{&quot;background_background&quot;:&quot;classic&quot;}\">\n\t\t\t\t<div class=\"elementor-element elementor-element-a202cef elementor-widget elementor-widget-text-editor\" data-id=\"a202cef\" data-element_type=\"widget\" data-e-type=\"widget\" data-widget_type=\"text-editor.default\">\n\t\t\t\t\t\t\t\t\t<p>J\u2019ai test\u00e9 beaucoup de parfums, mais celui-ci est diff\u00e9rent. Il attire les compliments, sans jamais \u00eatre trop fort. On sent le luxe, la profondeur et l\u2019originalit\u00e9. Je rach\u00e8terai sans h\u00e9siter.\u00a0<\/p>\t\t\t\t\t\t\t\t<\/div>\n\t\t\t\t<div class=\"elementor-element elementor-element-1e36822 elementor-widget elementor-widget-image\" data-id=\"1e36822\" data-element_type=\"widget\" data-e-type=\"widget\" data-widget_type=\"image.default\">\n\t\t\t\t\t\t\t\t\t\t\t\t\t\t\t<img decoding=\"async\" width=\"100\" height=\"100\" src=\"https:\/\/rimisssohana.com\/wp-content\/uploads\/2021\/04\/avatar-1@2x.png\" class=\"attachment-full size-full wp-image-226\" alt=\"\" \/>\t\t\t\t\t\t\t\t\t\t\t\t\t\t\t<\/div>\n\t\t\t\t<div class=\"elementor-element elementor-element-0796f69 elementor-widget elementor-widget-heading\" data-id=\"0796f69\" data-element_type=\"widget\" data-e-type=\"widget\" data-widget_type=\"heading.default\">\n\t\t\t\t\t<h5 class=\"elementor-heading-title elementor-size-default\">Omar<\/h5>\t\t\t\t<\/div>\n\t\t\t\t<\/div>\n\t\t<div class=\"elementor-element elementor-element-bd1f074 e-con-full e-flex e-con e-child\" data-id=\"bd1f074\" data-element_type=\"container\" data-e-type=\"container\" data-settings=\"{&quot;background_background&quot;:&quot;classic&quot;}\">\n\t\t\t\t<div class=\"elementor-element elementor-element-654735f elementor-widget elementor-widget-text-editor\" data-id=\"654735f\" data-element_type=\"widget\" data-e-type=\"widget\" data-widget_type=\"text-editor.default\">\n\t\t\t\t\t\t\t\t\t<p>J\u2019ai command\u00e9 un parfum et un encens, et j\u2019ai \u00e9t\u00e9 bluff\u00e9 par la qualit\u00e9. Tout est soign\u00e9 : les senteurs, la tenue, l\u2019ambiance cr\u00e9\u00e9e. On sent une vraie identit\u00e9 de marque.<\/p>\t\t\t\t\t\t\t\t<\/div>\n\t\t\t\t<div class=\"elementor-element elementor-element-4d2cf46 elementor-widget elementor-widget-image\" data-id=\"4d2cf46\" data-element_type=\"widget\" data-e-type=\"widget\" data-widget_type=\"image.default\">\n\t\t\t\t\t\t\t\t\t\t\t\t\t\t\t<img decoding=\"async\" width=\"100\" height=\"100\" src=\"https:\/\/rimisssohana.com\/wp-content\/uploads\/2021\/04\/avatar-2@2x.png\" class=\"attachment-full size-full wp-image-227\" alt=\"\" \/>\t\t\t\t\t\t\t\t\t\t\t\t\t\t\t<\/div>\n\t\t\t\t<div class=\"elementor-element elementor-element-e75766a elementor-widget elementor-widget-heading\" data-id=\"e75766a\" data-element_type=\"widget\" data-e-type=\"widget\" data-widget_type=\"heading.default\">\n\t\t\t\t\t<h5 class=\"elementor-heading-title elementor-size-default\">Reda<\/h5>\t\t\t\t<\/div>\n\t\t\t\t<\/div>\n\t\t<div class=\"elementor-element elementor-element-60d0cdf e-con-full e-flex e-con e-child\" data-id=\"60d0cdf\" data-element_type=\"container\" data-e-type=\"container\" data-settings=\"{&quot;background_background&quot;:&quot;classic&quot;}\">\n\t\t\t\t<div class=\"elementor-element elementor-element-e5beb62 elementor-widget elementor-widget-text-editor\" data-id=\"e5beb62\" data-element_type=\"widget\" data-e-type=\"widget\" data-widget_type=\"text-editor.default\">\n\t\t\t\t\t\t\t\t\t<p>Enfin un parfum qui ne ressemble \u00e0 aucun autre. Il est puissant, \u00e9l\u00e9gant et extr\u00eamement bien \u00e9quilibr\u00e9. \u00c0 chaque fois que je le porte, on me demande ce que c\u2019est<\/p>\t\t\t\t\t\t\t\t<\/div>\n\t\t\t\t<div class=\"elementor-element elementor-element-85e92c4 elementor-widget elementor-widget-image\" data-id=\"85e92c4\" data-element_type=\"widget\" data-e-type=\"widget\" data-widget_type=\"image.default\">\n\t\t\t\t\t\t\t\t\t\t\t\t\t\t\t<img decoding=\"async\" width=\"100\" height=\"100\" src=\"https:\/\/rimisssohana.com\/wp-content\/uploads\/2021\/04\/avatar-3@2x.png\" class=\"attachment-full size-full wp-image-231\" alt=\"\" \/>\t\t\t\t\t\t\t\t\t\t\t\t\t\t\t<\/div>\n\t\t\t\t<div class=\"elementor-element elementor-element-8d11266 elementor-widget elementor-widget-heading\" data-id=\"8d11266\" data-element_type=\"widget\" data-e-type=\"widget\" data-widget_type=\"heading.default\">\n\t\t\t\t\t<h5 class=\"elementor-heading-title elementor-size-default\">Fatimazahra<\/h5>\t\t\t\t<\/div>\n\t\t\t\t<\/div>\n\t\t\t\t<\/div>\n\t\t\t\t\t<\/div>\n\t\t\t\t<\/div>\n\t\t\t\t<\/div>\n\t\t","protected":false},"excerpt":{"rendered":"<p>Notre marque Le parfum est un langage invisible. Il \u00e9voque des souvenirs, r\u00e9v\u00e8le une personnalit\u00e9 et cr\u00e9e des \u00e9motions profondes.Notre marque est n\u00e9e de cette conviction : offrir des cr\u00e9ations olfactives capables de marquer les esprits et de sublimer chaque instant. Nos parfums et notre encens sont \u00e9labor\u00e9s avec une exigence absolue, \u00e0 partir d\u2019ingr\u00e9dients [&hellip;]<\/p>\n","protected":false},"author":1,"featured_media":0,"parent":0,"menu_order":0,"comment_status":"closed","ping_status":"closed","template":"","meta":{"ocean_post_layout":"","ocean_both_sidebars_style":"","ocean_both_sidebars_content_width":0,"ocean_both_sidebars_sidebars_width":0,"ocean_sidebar":"","ocean_second_sidebar":"","ocean_disable_margins":"enable","ocean_add_body_class":"","ocean_shortcode_before_top_bar":"","ocean_shortcode_after_top_bar":"","ocean_shortcode_before_header":"","ocean_shortcode_after_header":"","ocean_has_shortcode":"","ocean_shortcode_after_title":"","ocean_shortcode_before_footer_widgets":"","ocean_shortcode_after_footer_widgets":"","ocean_shortcode_before_footer_bottom":"","ocean_shortcode_after_footer_bottom":"","ocean_display_top_bar":"default","ocean_display_header":"default","ocean_header_style":"","ocean_center_header_left_menu":"","ocean_custom_header_template":"","ocean_custom_logo":0,"ocean_custom_retina_logo":0,"ocean_custom_logo_max_width":0,"ocean_custom_logo_tablet_max_width":0,"ocean_custom_logo_mobile_max_width":0,"ocean_custom_logo_max_height":0,"ocean_custom_logo_tablet_max_height":0,"ocean_custom_logo_mobile_max_height":0,"ocean_header_custom_menu":"","ocean_menu_typo_font_family":"","ocean_menu_typo_font_subset":"","ocean_menu_typo_font_size":0,"ocean_menu_typo_font_size_tablet":0,"ocean_menu_typo_font_size_mobile":0,"ocean_menu_typo_font_size_unit":"px","ocean_menu_typo_font_weight":"","ocean_menu_typo_font_weight_tablet":"","ocean_menu_typo_font_weight_mobile":"","ocean_menu_typo_transform":"","ocean_menu_typo_transform_tablet":"","ocean_menu_typo_transform_mobile":"","ocean_menu_typo_line_height":0,"ocean_menu_typo_line_height_tablet":0,"ocean_menu_typo_line_height_mobile":0,"ocean_menu_typo_line_height_unit":"","ocean_menu_typo_spacing":0,"ocean_menu_typo_spacing_tablet":0,"ocean_menu_typo_spacing_mobile":0,"ocean_menu_typo_spacing_unit":"","ocean_menu_link_color":"","ocean_menu_link_color_hover":"","ocean_menu_link_color_active":"","ocean_menu_link_background":"","ocean_menu_link_hover_background":"","ocean_menu_link_active_background":"","ocean_menu_social_links_bg":"","ocean_menu_social_hover_links_bg":"","ocean_menu_social_links_color":"","ocean_menu_social_hover_links_color":"","ocean_disable_title":"default","ocean_disable_heading":"default","ocean_post_title":"","ocean_post_subheading":"","ocean_post_title_style":"","ocean_post_title_background_color":"","ocean_post_title_background":0,"ocean_post_title_bg_image_position":"","ocean_post_title_bg_image_attachment":"","ocean_post_title_bg_image_repeat":"","ocean_post_title_bg_image_size":"","ocean_post_title_height":0,"ocean_post_title_bg_overlay":0.5,"ocean_post_title_bg_overlay_color":"","ocean_disable_breadcrumbs":"default","ocean_breadcrumbs_color":"","ocean_breadcrumbs_separator_color":"","ocean_breadcrumbs_links_color":"","ocean_breadcrumbs_links_hover_color":"","ocean_display_footer_widgets":"default","ocean_display_footer_bottom":"default","ocean_custom_footer_template":"","footnotes":""},"class_list":["post-1643","page","type-page","status-publish","hentry","entry","owp-thumbs-layout-horizontal","owp-btn-big","owp-tabs-layout-horizontal","has-no-thumbnails","has-product-nav"],"_links":{"self":[{"href":"https:\/\/rimisssohana.com\/index.php?rest_route=\/wp\/v2\/pages\/1643","targetHints":{"allow":["GET"]}}],"collection":[{"href":"https:\/\/rimisssohana.com\/index.php?rest_route=\/wp\/v2\/pages"}],"about":[{"href":"https:\/\/rimisssohana.com\/index.php?rest_route=\/wp\/v2\/types\/page"}],"author":[{"embeddable":true,"href":"https:\/\/rimisssohana.com\/index.php?rest_route=\/wp\/v2\/users\/1"}],"replies":[{"embeddable":true,"href":"https:\/\/rimisssohana.com\/index.php?rest_route=%2Fwp%2Fv2%2Fcomments&post=1643"}],"version-history":[{"count":9,"href":"https:\/\/rimisssohana.com\/index.php?rest_route=\/wp\/v2\/pages\/1643\/revisions"}],"predecessor-version":[{"id":1870,"href":"https:\/\/rimisssohana.com\/index.php?rest_route=\/wp\/v2\/pages\/1643\/revisions\/1870"}],"wp:attachment":[{"href":"https:\/\/rimisssohana.com\/index.php?rest_route=%2Fwp%2Fv2%2Fmedia&parent=1643"}],"curies":[{"name":"wp","href":"https:\/\/api.w.org\/{rel}","templated":true}]}}