{"id":1652,"date":"2026-02-08T17:12:27","date_gmt":"2026-02-08T17:12:27","guid":{"rendered":"https:\/\/rimisssohana.com\/?page_id=1652"},"modified":"2026-02-08T17:20:16","modified_gmt":"2026-02-08T17:20:16","slug":"remboursements_retours","status":"publish","type":"page","link":"https:\/\/rimisssohana.com\/?page_id=1652","title":{"rendered":"Politique en mati\u00e8re de remboursements et de retours"},"content":{"rendered":"\t\t<div data-elementor-type=\"wp-page\" data-elementor-id=\"1652\" class=\"elementor elementor-1652\">\n\t\t\t\t<div class=\"elementor-element elementor-element-73820f7e e-flex e-con-boxed e-con e-parent\" data-id=\"73820f7e\" data-element_type=\"container\" data-e-type=\"container\">\n\t\t\t\t\t<div class=\"e-con-inner\">\n\t\t\t\t<div class=\"elementor-element elementor-element-4b953827 elementor-widget elementor-widget-text-editor\" data-id=\"4b953827\" data-element_type=\"widget\" data-e-type=\"widget\" data-widget_type=\"text-editor.default\">\n\t\t\t\t\t\t\t\t\t<h2 data-start=\"415\" data-end=\"457\">Politique de remboursement et de retour<\/h2>\n<h3 data-start=\"459\" data-end=\"469\">Aper\u00e7u<\/h3>\n<p data-start=\"471\" data-end=\"673\">Notre politique de remboursement et de retour est valable pendant <strong data-start=\"537\" data-end=\"549\">30 jours<\/strong> \u00e0 compter de la date d\u2019achat. Pass\u00e9 ce d\u00e9lai, nous ne pourrons malheureusement plus proposer de remboursement ni d\u2019\u00e9change.<\/p>\n<p data-start=\"675\" data-end=\"837\">Pour \u00eatre \u00e9ligible \u00e0 un retour, l\u2019article doit \u00eatre <strong data-start=\"727\" data-end=\"735\">neuf<\/strong>, <strong data-start=\"737\" data-end=\"752\">non utilis\u00e9<\/strong>, dans le <strong data-start=\"762\" data-end=\"800\">m\u00eame \u00e9tat que lors de la r\u00e9ception<\/strong> et dans son <strong data-start=\"813\" data-end=\"836\">emballage d\u2019origine<\/strong>.<\/p>\n<h3 data-start=\"839\" data-end=\"857\">Preuve d\u2019achat<\/h3>\n<p data-start=\"859\" data-end=\"994\">Afin de traiter toute demande de retour ou de remboursement, une <strong data-start=\"924\" data-end=\"942\">preuve d\u2019achat<\/strong> (re\u00e7u ou confirmation de commande) est obligatoire.<\/p>\n<h3 data-start=\"996\" data-end=\"1014\">Remboursements<\/h3>\n<p data-start=\"1016\" data-end=\"1179\">Une fois votre demande de retour accept\u00e9e et l\u2019article re\u00e7u puis inspect\u00e9, nous vous informerons par <strong data-start=\"1117\" data-end=\"1126\">email<\/strong> de la validation ou du refus de votre remboursement.<\/p>\n<p data-start=\"1181\" data-end=\"1366\">Si le remboursement est approuv\u00e9, celui-ci sera effectu\u00e9 automatiquement via le <strong data-start=\"1261\" data-end=\"1306\">moyen de paiement utilis\u00e9 lors de l\u2019achat<\/strong>, dans un d\u00e9lai variable selon les \u00e9tablissements bancaires.<\/p>\n<h3 data-start=\"1368\" data-end=\"1407\">Remboursements tardifs ou manquants<\/h3>\n<p data-start=\"1409\" data-end=\"1461\">Si vous n\u2019avez pas encore re\u00e7u votre remboursement :<\/p>\n<ol data-start=\"1463\" data-end=\"1667\">\n<li data-start=\"1463\" data-end=\"1508\">\n<p data-start=\"1466\" data-end=\"1508\">V\u00e9rifiez \u00e0 nouveau votre compte bancaire<\/p>\n<\/li>\n<li data-start=\"1509\" data-end=\"1583\">\n<p data-start=\"1512\" data-end=\"1583\">Contactez votre \u00e9tablissement bancaire ou votre organisme de paiement<\/p>\n<\/li>\n<li data-start=\"1584\" data-end=\"1667\">\n<p data-start=\"1587\" data-end=\"1667\">Un d\u00e9lai de traitement peut \u00eatre n\u00e9cessaire avant l\u2019affichage du remboursement<\/p>\n<\/li>\n<\/ol>\n<p data-start=\"1669\" data-end=\"1814\">Si apr\u00e8s ces v\u00e9rifications vous n\u2019avez toujours rien re\u00e7u, merci de nous contacter \u00e0 l\u2019adresse suivante :<br data-start=\"1774\" data-end=\"1777\" \/>\ud83d\udce7 <strong data-start=\"1780\" data-end=\"1814\"><a class=\"decorated-link cursor-pointer\" rel=\"noopener\" data-start=\"1782\" data-end=\"1812\">contact.rimisssohana@gmail.com<\/a><\/strong><\/p>\n<h3 data-start=\"1816\" data-end=\"1841\">Articles en promotion<\/h3>\n<p data-start=\"1843\" data-end=\"2024\">Les articles achet\u00e9s en <strong data-start=\"1867\" data-end=\"1892\">promotion ou en solde<\/strong> ne sont <strong data-start=\"1901\" data-end=\"1937\">ni \u00e9changeables ni remboursables<\/strong>.<br data-start=\"1938\" data-end=\"1941\" \/>Seuls les articles achet\u00e9s au prix normal peuvent faire l\u2019objet d\u2019un remboursement.<\/p>\n<h3 data-start=\"2026\" data-end=\"2038\">\u00c9changes<\/h3>\n<p data-start=\"2040\" data-end=\"2249\">Les \u00e9changes sont possibles uniquement en cas d\u2019<strong data-start=\"2088\" data-end=\"2138\">article d\u00e9fectueux ou endommag\u00e9 \u00e0 la r\u00e9ception<\/strong>.<br data-start=\"2139\" data-end=\"2142\" \/>Pour toute demande d\u2019\u00e9change, veuillez nous contacter par email \u00e0 :<br data-start=\"2209\" data-end=\"2212\" \/>\ud83d\udce7 <strong data-start=\"2215\" data-end=\"2249\"><a class=\"decorated-link cursor-pointer\" rel=\"noopener\" data-start=\"2217\" data-end=\"2247\">contact.rimisssohana@gmail.com<\/a><\/strong><\/p>\n<h3 data-start=\"2251\" data-end=\"2262\">Cadeaux<\/h3>\n<p data-start=\"2264\" data-end=\"2480\">Si l\u2019article a \u00e9t\u00e9 achet\u00e9 comme <strong data-start=\"2296\" data-end=\"2306\">cadeau<\/strong> et retourn\u00e9 conform\u00e9ment \u00e0 notre politique, un <strong data-start=\"2354\" data-end=\"2380\">avoir ou cr\u00e9dit cadeau<\/strong> correspondant \u00e0 la valeur de l\u2019article pourra \u00eatre propos\u00e9 apr\u00e8s r\u00e9ception et validation du retour.<\/p>\n<h3 data-start=\"2482\" data-end=\"2505\">Retours &amp; livraison<\/h3>\n<p data-start=\"2507\" data-end=\"2666\">Les <strong data-start=\"2511\" data-end=\"2557\">frais de retour sont \u00e0 la charge du client<\/strong> et ne sont pas remboursables.<br data-start=\"2587\" data-end=\"2590\" \/>En cas de remboursement, les frais de livraison initiaux ne sont pas inclus.<\/p>\n<p data-start=\"2668\" data-end=\"2808\">\u00c9tant une boutique <strong data-start=\"2687\" data-end=\"2713\">exclusivement en ligne<\/strong>, toutes les proc\u00e9dures de retour et de remboursement se font uniquement par <strong data-start=\"2790\" data-end=\"2807\">contact email<\/strong>.<\/p>\n<p data-start=\"2810\" data-end=\"2966\">Nous recommandons l\u2019utilisation d\u2019un <strong data-start=\"2847\" data-end=\"2882\">service de livraison avec suivi<\/strong>, car nous ne pouvons garantir la r\u00e9ception d\u2019un colis retourn\u00e9 sans preuve d\u2019envoi.<\/p>\n<h3 data-start=\"2968\" data-end=\"2987\">Besoin d\u2019aide ?<\/h3>\n<p data-start=\"2989\" data-end=\"3131\">Pour toute question concernant les remboursements, retours ou \u00e9changes, vous pouvez nous contacter \u00e0 :<br data-start=\"3091\" data-end=\"3094\" \/>\ud83d\udce7 <strong data-start=\"3097\" data-end=\"3131\"><a class=\"decorated-link cursor-pointer\" rel=\"noopener\" data-start=\"3099\" data-end=\"3129\">contact.rimisssohana@gmail.com<\/a><\/strong><\/p>\t\t\t\t\t\t\t\t<\/div>\n\t\t\t\t\t<\/div>\n\t\t\t\t<\/div>\n\t\t\t\t<\/div>\n\t\t","protected":false},"excerpt":{"rendered":"<p>Politique de remboursement et de retour Aper\u00e7u Notre politique de remboursement et de retour est valable pendant 30 jours \u00e0 compter de la date d\u2019achat. Pass\u00e9 ce d\u00e9lai, nous ne pourrons malheureusement plus proposer de remboursement ni d\u2019\u00e9change. Pour \u00eatre \u00e9ligible \u00e0 un retour, l\u2019article doit \u00eatre neuf, non utilis\u00e9, dans le m\u00eame \u00e9tat que [&hellip;]<\/p>\n","protected":false},"author":1,"featured_media":0,"parent":0,"menu_order":0,"comment_status":"closed","ping_status":"closed","template":"","meta":{"ocean_post_layout":"","ocean_both_sidebars_style":"","ocean_both_sidebars_content_width":0,"ocean_both_sidebars_sidebars_width":0,"ocean_sidebar":"","ocean_second_sidebar":"","ocean_disable_margins":"enable","ocean_add_body_class":"","ocean_shortcode_before_top_bar":"","ocean_shortcode_after_top_bar":"","ocean_shortcode_before_header":"","ocean_shortcode_after_header":"","ocean_has_shortcode":"","ocean_shortcode_after_title":"","ocean_shortcode_before_footer_widgets":"","ocean_shortcode_after_footer_widgets":"","ocean_shortcode_before_footer_bottom":"","ocean_shortcode_after_footer_bottom":"","ocean_display_top_bar":"default","ocean_display_header":"default","ocean_header_style":"","ocean_center_header_left_menu":"","ocean_custom_header_template":"","ocean_custom_logo":0,"ocean_custom_retina_logo":0,"ocean_custom_logo_max_width":0,"ocean_custom_logo_tablet_max_width":0,"ocean_custom_logo_mobile_max_width":0,"ocean_custom_logo_max_height":0,"ocean_custom_logo_tablet_max_height":0,"ocean_custom_logo_mobile_max_height":0,"ocean_header_custom_menu":"","ocean_menu_typo_font_family":"","ocean_menu_typo_font_subset":"","ocean_menu_typo_font_size":0,"ocean_menu_typo_font_size_tablet":0,"ocean_menu_typo_font_size_mobile":0,"ocean_menu_typo_font_size_unit":"px","ocean_menu_typo_font_weight":"","ocean_menu_typo_font_weight_tablet":"","ocean_menu_typo_font_weight_mobile":"","ocean_menu_typo_transform":"","ocean_menu_typo_transform_tablet":"","ocean_menu_typo_transform_mobile":"","ocean_menu_typo_line_height":0,"ocean_menu_typo_line_height_tablet":0,"ocean_menu_typo_line_height_mobile":0,"ocean_menu_typo_line_height_unit":"","ocean_menu_typo_spacing":0,"ocean_menu_typo_spacing_tablet":0,"ocean_menu_typo_spacing_mobile":0,"ocean_menu_typo_spacing_unit":"","ocean_menu_link_color":"","ocean_menu_link_color_hover":"","ocean_menu_link_color_active":"","ocean_menu_link_background":"","ocean_menu_link_hover_background":"","ocean_menu_link_active_background":"","ocean_menu_social_links_bg":"","ocean_menu_social_hover_links_bg":"","ocean_menu_social_links_color":"","ocean_menu_social_hover_links_color":"","ocean_disable_title":"default","ocean_disable_heading":"default","ocean_post_title":"","ocean_post_subheading":"","ocean_post_title_style":"","ocean_post_title_background_color":"","ocean_post_title_background":0,"ocean_post_title_bg_image_position":"","ocean_post_title_bg_image_attachment":"","ocean_post_title_bg_image_repeat":"","ocean_post_title_bg_image_size":"","ocean_post_title_height":0,"ocean_post_title_bg_overlay":0.5,"ocean_post_title_bg_overlay_color":"","ocean_disable_breadcrumbs":"default","ocean_breadcrumbs_color":"","ocean_breadcrumbs_separator_color":"","ocean_breadcrumbs_links_color":"","ocean_breadcrumbs_links_hover_color":"","ocean_display_footer_widgets":"default","ocean_display_footer_bottom":"default","ocean_custom_footer_template":"","footnotes":""},"class_list":["post-1652","page","type-page","status-publish","hentry","entry","owp-thumbs-layout-horizontal","owp-btn-big","owp-tabs-layout-horizontal","has-no-thumbnails","has-product-nav"],"_links":{"self":[{"href":"https:\/\/rimisssohana.com\/index.php?rest_route=\/wp\/v2\/pages\/1652","targetHints":{"allow":["GET"]}}],"collection":[{"href":"https:\/\/rimisssohana.com\/index.php?rest_route=\/wp\/v2\/pages"}],"about":[{"href":"https:\/\/rimisssohana.com\/index.php?rest_route=\/wp\/v2\/types\/page"}],"author":[{"embeddable":true,"href":"https:\/\/rimisssohana.com\/index.php?rest_route=\/wp\/v2\/users\/1"}],"replies":[{"embeddable":true,"href":"https:\/\/rimisssohana.com\/index.php?rest_route=%2Fwp%2Fv2%2Fcomments&post=1652"}],"version-history":[{"count":3,"href":"https:\/\/rimisssohana.com\/index.php?rest_route=\/wp\/v2\/pages\/1652\/revisions"}],"predecessor-version":[{"id":1763,"href":"https:\/\/rimisssohana.com\/index.php?rest_route=\/wp\/v2\/pages\/1652\/revisions\/1763"}],"wp:attachment":[{"href":"https:\/\/rimisssohana.com\/index.php?rest_route=%2Fwp%2Fv2%2Fmedia&parent=1652"}],"curies":[{"name":"wp","href":"https:\/\/api.w.org\/{rel}","templated":true}]}}