{"id":1653,"date":"2026-01-18T02:56:00","date_gmt":"2026-01-18T02:56:00","guid":{"rendered":"https:\/\/rimisssohana.com\/?post_type=product&#038;p=1653"},"modified":"2026-02-23T17:21:32","modified_gmt":"2026-02-23T17:21:32","slug":"bebe-genie","status":"publish","type":"product","link":"https:\/\/rimisssohana.com\/?product=bebe-genie","title":{"rendered":"b\u00e9b\u00e9 g\u00e9nie"},"content":{"rendered":"<p data-start=\"131\" data-end=\"371\"><strong data-start=\"131\" data-end=\"161\">B\u00e9b\u00e9 G\u00e9nie \u2013 Rimiss Sohana<\/strong> est un parfum f\u00e9minin raffin\u00e9 qui incarne la douceur, l\u2019\u00e9l\u00e9gance et la f\u00e9minit\u00e9 moderne. Pr\u00e9sent\u00e9 dans un flacon luxueux au design sophistiqu\u00e9, il s\u00e9duit d\u00e8s le premier regard par son style chic et intemporel.<\/p>\n<p data-start=\"373\" data-end=\"673\">Cette fragrance d\u00e9licate enveloppe la peau d\u2019un sillage harmonieux et envo\u00fbtant, id\u00e9al pour les femmes qui aiment allier charme, subtilit\u00e9 et caract\u00e8re. B\u00e9b\u00e9 G\u00e9nie est un parfum pens\u00e9 pour accompagner aussi bien le quotidien que les occasions sp\u00e9ciales, laissant une impression m\u00e9morable et \u00e9l\u00e9gante.<\/p>\n<p data-start=\"675\" data-end=\"908\">Son flacon noir orn\u00e9 de d\u00e9tails dor\u00e9s refl\u00e8te parfaitement l\u2019univers prestigieux de la marque <strong data-start=\"769\" data-end=\"786\">Rimiss Sohana<\/strong>, symbole de qualit\u00e9 et de distinction. Un v\u00e9ritable bijou olfactif, \u00e0 offrir ou \u00e0 s\u2019offrir, pour sublimer chaque instant.<\/p>\n<p data-start=\"910\" data-end=\"932\"><strong data-start=\"910\" data-end=\"932\">Caract\u00e9ristiques :<\/strong><\/p>\n<ul data-start=\"933\" data-end=\"1050\">\n<li data-start=\"933\" data-end=\"962\">\n<p data-start=\"935\" data-end=\"962\">Type : Parfum pour femmes<\/p>\n<\/li>\n<li data-start=\"963\" data-end=\"983\">\n<p data-start=\"965\" data-end=\"983\">Nom : B\u00e9b\u00e9 G\u00e9nie<\/p>\n<\/li>\n<li data-start=\"984\" data-end=\"1010\">\n<p data-start=\"986\" data-end=\"1010\">Marque : Rimiss Sohana<\/p>\n<\/li>\n<li data-start=\"1011\" data-end=\"1050\">\n<p data-start=\"1013\" data-end=\"1050\">Style : F\u00e9minin, \u00e9l\u00e9gant et raffin\u00e9<\/p>\n<\/li>\n<\/ul>\n","protected":false},"excerpt":{"rendered":"<p>B\u00e9b\u00e9 G\u00e9nie \u2013 Rimiss Sohana (Femme)<\/p>\n<p>Floral \u2022fruit\u00e9. Poudr\u00e9 \u2022 Doux \u2022 F\u00e9minin<\/p>\n<p>Notes de t\u00eate :<br \/>\nAccords floraux lumineux, fleurs blanches d\u00e9licates, touche l\u00e9g\u00e8rement sucr\u00e9e<\/p>\n<p>Notes de c\u0153ur :<br \/>\nframboise, accords poudr\u00e9s doux, vanille ,citron\u00e9,<\/p>\n<p>Notes de fond :<br \/>\nVanille cr\u00e9meuse, oud doux et poudr\u00e9 , musc propre<\/p>\n<p>Description courte associ\u00e9e :<br \/>\nB\u00e9b\u00e9 G\u00e9nie est un parfum f\u00e9minin d\u00e9licat et \u00e9l\u00e9gant, domin\u00e9 par des notes florales poudr\u00e9es et une douceur sucr\u00e9e subtile. La vanille apporte une sensation chaleureuse et enveloppante, tandis qu\u2019un oud l\u00e9ger et poudr\u00e9 donne de la profondeur sans jamais \u00eatre fort. Le jasmin et la fleur d\u2019oranger, tr\u00e8s finement dos\u00e9s, renforcent son caract\u00e8re ultra f\u00e9minin, frais et id\u00e9al pour l\u2019\u00e9t\u00e9.<\/p>\n<p>Une fragrance douce mais pr\u00e9sente, \u00e9l\u00e9gante et moderne, parfaite pour les femmes qui aiment les parfums poudr\u00e9s, floraux et raffin\u00e9s.<\/p>\n","protected":false},"featured_media":1797,"comment_status":"open","ping_status":"closed","template":"","meta":{"ocean_post_layout":"","ocean_both_sidebars_style":"","ocean_both_sidebars_content_width":0,"ocean_both_sidebars_sidebars_width":0,"ocean_sidebar":"0","ocean_second_sidebar":"0","ocean_disable_margins":"enable","ocean_add_body_class":"","ocean_shortcode_before_top_bar":"","ocean_shortcode_after_top_bar":"","ocean_shortcode_before_header":"","ocean_shortcode_after_header":"","ocean_has_shortcode":"","ocean_shortcode_after_title":"","ocean_shortcode_before_footer_widgets":"","ocean_shortcode_after_footer_widgets":"","ocean_shortcode_before_footer_bottom":"","ocean_shortcode_after_footer_bottom":"","ocean_display_top_bar":"default","ocean_display_header":"default","ocean_header_style":"","ocean_center_header_left_menu":"0","ocean_custom_header_template":"0","ocean_custom_logo":0,"ocean_custom_retina_logo":0,"ocean_custom_logo_max_width":0,"ocean_custom_logo_tablet_max_width":0,"ocean_custom_logo_mobile_max_width":0,"ocean_custom_logo_max_height":0,"ocean_custom_logo_tablet_max_height":0,"ocean_custom_logo_mobile_max_height":0,"ocean_header_custom_menu":"0","ocean_menu_typo_font_family":"0","ocean_menu_typo_font_subset":"","ocean_menu_typo_font_size":0,"ocean_menu_typo_font_size_tablet":0,"ocean_menu_typo_font_size_mobile":0,"ocean_menu_typo_font_size_unit":"px","ocean_menu_typo_font_weight":"","ocean_menu_typo_font_weight_tablet":"","ocean_menu_typo_font_weight_mobile":"","ocean_menu_typo_transform":"","ocean_menu_typo_transform_tablet":"","ocean_menu_typo_transform_mobile":"","ocean_menu_typo_line_height":0,"ocean_menu_typo_line_height_tablet":0,"ocean_menu_typo_line_height_mobile":0,"ocean_menu_typo_line_height_unit":"","ocean_menu_typo_spacing":0,"ocean_menu_typo_spacing_tablet":0,"ocean_menu_typo_spacing_mobile":0,"ocean_menu_typo_spacing_unit":"","ocean_menu_link_color":"","ocean_menu_link_color_hover":"","ocean_menu_link_color_active":"","ocean_menu_link_background":"","ocean_menu_link_hover_background":"","ocean_menu_link_active_background":"","ocean_menu_social_links_bg":"","ocean_menu_social_hover_links_bg":"","ocean_menu_social_links_color":"","ocean_menu_social_hover_links_color":"","ocean_disable_title":"default","ocean_disable_heading":"default","ocean_post_title":"","ocean_post_subheading":"","ocean_post_title_style":"","ocean_post_title_background_color":"","ocean_post_title_background":0,"ocean_post_title_bg_image_position":"","ocean_post_title_bg_image_attachment":"","ocean_post_title_bg_image_repeat":"","ocean_post_title_bg_image_size":"","ocean_post_title_height":0,"ocean_post_title_bg_overlay":0.5,"ocean_post_title_bg_overlay_color":"","ocean_disable_breadcrumbs":"default","ocean_breadcrumbs_color":"","ocean_breadcrumbs_separator_color":"","ocean_breadcrumbs_links_color":"","ocean_breadcrumbs_links_hover_color":"","ocean_display_footer_widgets":"default","ocean_display_footer_bottom":"default","ocean_custom_footer_template":"0"},"product_brand":[24],"product_cat":[26],"product_tag":[],"class_list":{"0":"post-1653","1":"product","2":"type-product","3":"status-publish","4":"has-post-thumbnail","6":"product_brand-rimiss-sohana","7":"product_cat-parfum-pour-femme","9":"entry","10":"has-media","12":"first","13":"instock","14":"sale","15":"shipping-taxable","16":"purchasable","17":"product-type-simple","18":"has-product-nav","19":"col","20":"span_1_of_5","21":"owp-content-center","22":"owp-thumbs-layout-horizontal","23":"owp-btn-big","24":"owp-tabs-layout-horizontal"},"_links":{"self":[{"href":"https:\/\/rimisssohana.com\/index.php?rest_route=\/wp\/v2\/product\/1653","targetHints":{"allow":["GET"]}}],"collection":[{"href":"https:\/\/rimisssohana.com\/index.php?rest_route=\/wp\/v2\/product"}],"about":[{"href":"https:\/\/rimisssohana.com\/index.php?rest_route=\/wp\/v2\/types\/product"}],"replies":[{"embeddable":true,"href":"https:\/\/rimisssohana.com\/index.php?rest_route=%2Fwp%2Fv2%2Fcomments&post=1653"}],"wp:featuredmedia":[{"embeddable":true,"href":"https:\/\/rimisssohana.com\/index.php?rest_route=\/wp\/v2\/media\/1797"}],"wp:attachment":[{"href":"https:\/\/rimisssohana.com\/index.php?rest_route=%2Fwp%2Fv2%2Fmedia&parent=1653"}],"wp:term":[{"taxonomy":"product_brand","embeddable":true,"href":"https:\/\/rimisssohana.com\/index.php?rest_route=%2Fwp%2Fv2%2Fproduct_brand&post=1653"},{"taxonomy":"product_cat","embeddable":true,"href":"https:\/\/rimisssohana.com\/index.php?rest_route=%2Fwp%2Fv2%2Fproduct_cat&post=1653"},{"taxonomy":"product_tag","embeddable":true,"href":"https:\/\/rimisssohana.com\/index.php?rest_route=%2Fwp%2Fv2%2Fproduct_tag&post=1653"}],"curies":[{"name":"wp","href":"https:\/\/api.w.org\/{rel}","templated":true}]}}